{"id":7322,"date":"2014-06-10T13:00:15","date_gmt":"2014-07-21T13:00:15","guid":{"rendered":"httpd:\/\/trg-theone.com\/product\/balm-125ml-2\/"},"modified":"2018-11-02T12:12:24","modified_gmt":"2018-11-02T12:12:24","slug":"balm-125ml","status":"publish","type":"product","link":"https:\/\/www.trg-theone.com\/es\/producto\/balm-125ml\/","title":{"rendered":"Balm 125ml."},"content":{"rendered":"<p><b>B\u00e1lsamo <\/b><\/p>\n<p>3 colores<\/p>\n<p>Crema limpiadora para todo tipo de piel.<\/p>\n<p><b>\u00a0<\/b><\/p>\n<p><b>\u00a0<\/b><b>Aplicaci\u00f3n:<\/b><\/p>\n<p>Para todo tipo de piel, charol y reptil. No apto para ante y nubuck.<\/p>\n<p><b>\u00a0<\/b><\/p>\n<p><b>Caracter\u00edsticas:<\/b><\/p>\n<ul>\n<li>Crema limpiadora a base de ceras que limpia y nutre la piel.<\/li>\n<li>Apto para todos los colores.<\/li>\n<li>Especialmente recomendado para art\u00edculos de marroquiner\u00eda i tapicer\u00edas.<\/li>\n<\/ul>\n<span class=\"highlight1\" style=\"background-color:#ffffff;\"><strong><a title=\"\" href=\"https:\/\/www.trg-theone.com\/es\/producto\/leather-balm\/\">\u00a0Tambi\u00e9n disponible en formato profesional<\/a>\u00a0<\/span><\/strong><\/p>\n<p>&nbsp;<\/p>\n<p><strong>Necesitas m\u00e1s informaci\u00f3n?<br \/>\n<\/strong><br \/>\n<a class=\"button large default\" title=\"CONTACTAR\" href=\"\/es\/contactar\/\" target=\"_self\">CONTACTAR<\/a>\n<div class=\"demo-sep sep-single\" style=\"margin-top:40px;margin-bottom:40px\"><\/div>\n","protected":false},"excerpt":{"rendered":"<p>B\u00e1lsamo 3 colores Crema limpiadora para todo tipo de piel. \u00a0 \u00a0Aplicaci\u00f3n: Para todo tipo de piel, charol y reptil. No apto para ante y nubuck. \u00a0 Caracter\u00edsticas: Crema limpiadora a base de ceras que limpia y nutre la piel. Apto para todos los colores. Especialmente recomendado para art\u00edculos de marroquiner\u00eda i tapicer\u00edas. &nbsp; Necesitas [&hellip;]<\/p>\n","protected":false},"featured_media":17944,"comment_status":"open","ping_status":"closed","template":"","meta":[],"product_brand":[],"product_cat":[252],"product_tag":[],"class_list":{"0":"post-7322","1":"product","2":"type-product","3":"status-publish","4":"has-post-thumbnail","6":"product_cat-gama-productos","8":"first","9":"instock","10":"shipping-taxable","11":"product-type-simple"},"_links":{"self":[{"href":"https:\/\/www.trg-theone.com\/es\/wp-json\/wp\/v2\/product\/7322","targetHints":{"allow":["GET"]}}],"collection":[{"href":"https:\/\/www.trg-theone.com\/es\/wp-json\/wp\/v2\/product"}],"about":[{"href":"https:\/\/www.trg-theone.com\/es\/wp-json\/wp\/v2\/types\/product"}],"replies":[{"embeddable":true,"href":"https:\/\/www.trg-theone.com\/es\/wp-json\/wp\/v2\/comments?post=7322"}],"wp:featuredmedia":[{"embeddable":true,"href":"https:\/\/www.trg-theone.com\/es\/wp-json\/wp\/v2\/media\/17944"}],"wp:attachment":[{"href":"https:\/\/www.trg-theone.com\/es\/wp-json\/wp\/v2\/media?parent=7322"}],"wp:term":[{"taxonomy":"product_brand","embeddable":true,"href":"https:\/\/www.trg-theone.com\/es\/wp-json\/wp\/v2\/product_brand?post=7322"},{"taxonomy":"product_cat","embeddable":true,"href":"https:\/\/www.trg-theone.com\/es\/wp-json\/wp\/v2\/product_cat?post=7322"},{"taxonomy":"product_tag","embeddable":true,"href":"https:\/\/www.trg-theone.com\/es\/wp-json\/wp\/v2\/product_tag?post=7322"}],"curies":[{"name":"wp","href":"https:\/\/api.w.org\/{rel}","templated":true}]}}