{"id":7310,"date":"2014-07-21T13:15:20","date_gmt":"2014-07-21T13:15:20","guid":{"rendered":"httpd:\/\/trg-theone.com\/product\/sport-cleaner-75ml-2\/"},"modified":"2018-11-06T12:06:11","modified_gmt":"2018-11-06T12:06:11","slug":"sport-cleaner-75ml","status":"publish","type":"product","link":"https:\/\/www.trg-theone.com\/es\/producto\/sport-cleaner-75ml\/","title":{"rendered":"Sport Cleaner 75ml."},"content":{"rendered":"<p><b>Limpiador Sport<\/b><\/p>\n<p>Incoloro<\/p>\n<p>Limpiador para calzado de piel y piel sint\u00e9tica.<\/p>\n<p><b>\u00a0<\/b><\/p>\n<p><b>Aplicaci\u00f3n:<\/b><\/p>\n<p>Piel y piel sint\u00e9tica.<\/p>\n<p><b>\u00a0<\/b><\/p>\n<p><b>Caracter\u00edsticas:<\/b><\/p>\n<ul>\n<li>Preparado jabonoso.<\/li>\n<li>Aplicable sobre todos los colores.<\/li>\n<li>El especial dise\u00f1o de su esponja aplicadora permite una limpieza profunda.<\/li>\n<\/ul>\n<p><strong>Necesitas m\u00e1s informaci\u00f3n?<br \/>\n<\/strong><br \/>\n<a class=\"button large default\" title=\"CONTACTAR\" href=\"\/es\/contactar\/\" target=\"_self\">CONTACTAR<\/a>\n<div class=\"demo-sep sep-single\" style=\"margin-top:40px;margin-bottom:40px\"><\/div>\n","protected":false},"excerpt":{"rendered":"<p>Limpiador Sport Incoloro Limpiador para calzado de piel y piel sint\u00e9tica. \u00a0 Aplicaci\u00f3n: Piel y piel sint\u00e9tica. \u00a0 Caracter\u00edsticas: Preparado jabonoso. Aplicable sobre todos los colores. El especial dise\u00f1o de su esponja aplicadora permite una limpieza profunda. Necesitas m\u00e1s informaci\u00f3n?<\/p>\n","protected":false},"featured_media":17389,"comment_status":"open","ping_status":"closed","template":"","meta":[],"product_brand":[],"product_cat":[252],"product_tag":[],"class_list":{"0":"post-7310","1":"product","2":"type-product","3":"status-publish","4":"has-post-thumbnail","6":"product_cat-gama-productos","8":"first","9":"instock","10":"shipping-taxable","11":"product-type-simple"},"_links":{"self":[{"href":"https:\/\/www.trg-theone.com\/es\/wp-json\/wp\/v2\/product\/7310","targetHints":{"allow":["GET"]}}],"collection":[{"href":"https:\/\/www.trg-theone.com\/es\/wp-json\/wp\/v2\/product"}],"about":[{"href":"https:\/\/www.trg-theone.com\/es\/wp-json\/wp\/v2\/types\/product"}],"replies":[{"embeddable":true,"href":"https:\/\/www.trg-theone.com\/es\/wp-json\/wp\/v2\/comments?post=7310"}],"wp:featuredmedia":[{"embeddable":true,"href":"https:\/\/www.trg-theone.com\/es\/wp-json\/wp\/v2\/media\/17389"}],"wp:attachment":[{"href":"https:\/\/www.trg-theone.com\/es\/wp-json\/wp\/v2\/media?parent=7310"}],"wp:term":[{"taxonomy":"product_brand","embeddable":true,"href":"https:\/\/www.trg-theone.com\/es\/wp-json\/wp\/v2\/product_brand?post=7310"},{"taxonomy":"product_cat","embeddable":true,"href":"https:\/\/www.trg-theone.com\/es\/wp-json\/wp\/v2\/product_cat?post=7310"},{"taxonomy":"product_tag","embeddable":true,"href":"https:\/\/www.trg-theone.com\/es\/wp-json\/wp\/v2\/product_tag?post=7310"}],"curies":[{"name":"wp","href":"https:\/\/api.w.org\/{rel}","templated":true}]}}