{"id":7304,"date":"2014-07-21T13:18:13","date_gmt":"2014-07-21T13:18:13","guid":{"rendered":"httpd:\/\/trg-theone.com\/product\/super-white-75ml-2\/"},"modified":"2018-11-02T12:08:57","modified_gmt":"2018-11-02T12:08:57","slug":"super-white-75ml","status":"publish","type":"product","link":"https:\/\/www.trg-theone.com\/es\/producto\/super-white-75ml\/","title":{"rendered":"Super White 75ml."},"content":{"rendered":"<p><b>S\u00faper Blanco<\/b><\/p>\n<p>Blanco<\/p>\n<p>Blanqueador para piel, piel sint\u00e9tica y textil.<\/p>\n<p><b>\u00a0<\/b><\/p>\n<p><b>Aplicaci\u00f3n:<\/b><\/p>\n<p>Piel, piel sint\u00e9tica y textil.<\/p>\n<p><b>\u00a0<\/b><\/p>\n<p><b>Caracter\u00edsticas:<\/b><\/p>\n<ul>\n<li>Blanqueador de alto poder de cubrici\u00f3n.<\/li>\n<li>F\u00e1cil aplicaci\u00f3n.<\/li>\n<li>Una vez seco, no\u00a0 mancha.<\/li>\n<\/ul>\n<p><strong>Necesitas m\u00e1s informaci\u00f3n?<br \/>\n<\/strong><br \/>\n<a class=\"button large default\" title=\"CONTACTAR\" href=\"\/es\/contactar\/\" target=\"_self\">CONTACTAR<\/a>\n<div class=\"demo-sep sep-single\" style=\"margin-top:40px;margin-bottom:40px\"><\/div>\n","protected":false},"excerpt":{"rendered":"<p>S\u00faper Blanco Blanco Blanqueador para piel, piel sint\u00e9tica y textil. \u00a0 Aplicaci\u00f3n: Piel, piel sint\u00e9tica y textil. \u00a0 Caracter\u00edsticas: Blanqueador de alto poder de cubrici\u00f3n. F\u00e1cil aplicaci\u00f3n. Una vez seco, no\u00a0 mancha. Necesitas m\u00e1s informaci\u00f3n?<\/p>\n","protected":false},"featured_media":17405,"comment_status":"open","ping_status":"closed","template":"","meta":[],"product_brand":[],"product_cat":[252],"product_tag":[],"class_list":{"0":"post-7304","1":"product","2":"type-product","3":"status-publish","4":"has-post-thumbnail","6":"product_cat-gama-productos","8":"first","9":"instock","10":"shipping-taxable","11":"product-type-simple"},"_links":{"self":[{"href":"https:\/\/www.trg-theone.com\/es\/wp-json\/wp\/v2\/product\/7304","targetHints":{"allow":["GET"]}}],"collection":[{"href":"https:\/\/www.trg-theone.com\/es\/wp-json\/wp\/v2\/product"}],"about":[{"href":"https:\/\/www.trg-theone.com\/es\/wp-json\/wp\/v2\/types\/product"}],"replies":[{"embeddable":true,"href":"https:\/\/www.trg-theone.com\/es\/wp-json\/wp\/v2\/comments?post=7304"}],"wp:featuredmedia":[{"embeddable":true,"href":"https:\/\/www.trg-theone.com\/es\/wp-json\/wp\/v2\/media\/17405"}],"wp:attachment":[{"href":"https:\/\/www.trg-theone.com\/es\/wp-json\/wp\/v2\/media?parent=7304"}],"wp:term":[{"taxonomy":"product_brand","embeddable":true,"href":"https:\/\/www.trg-theone.com\/es\/wp-json\/wp\/v2\/product_brand?post=7304"},{"taxonomy":"product_cat","embeddable":true,"href":"https:\/\/www.trg-theone.com\/es\/wp-json\/wp\/v2\/product_cat?post=7304"},{"taxonomy":"product_tag","embeddable":true,"href":"https:\/\/www.trg-theone.com\/es\/wp-json\/wp\/v2\/product_tag?post=7304"}],"curies":[{"name":"wp","href":"https:\/\/api.w.org\/{rel}","templated":true}]}}