{"id":7289,"date":"2014-07-22T05:43:51","date_gmt":"2014-07-22T05:43:51","guid":{"rendered":"httpd:\/\/trg-theone.com\/product\/suede-renovator-250ml-2\/"},"modified":"2018-11-06T11:45:17","modified_gmt":"2018-11-06T11:45:17","slug":"suede-renovator-250ml","status":"publish","type":"product","link":"https:\/\/www.trg-theone.com\/es\/producto\/suede-renovator-250ml\/","title":{"rendered":"Suede Renovator 250ml."},"content":{"rendered":"<p><b>Renovador Ante <\/b><\/p>\n<p>13 colores <a href=\"\/wp-content\/uploads\/2016\/10\/cartaRenovadorAnte.pdf\" target=\"_blank\" rel=\"noopener\"><img loading=\"lazy\" decoding=\"async\" class=\"alignnone size-full wp-image-7359\" src=\"https:\/\/www.trg-theone.com\/wp-content\/uploads\/2014\/09\/icona_gama.png\" alt=\"icona_gama\" width=\"20\" height=\"20\" \/><\/a><\/p>\n<p>Renueva el calzado de ante, nubuck y microfibra.<\/p>\n<p><b>\u00a0<\/b><\/p>\n<p><b>Aplicaci\u00f3n:<\/b><\/p>\n<p>Ante, nubuck y microfibra.<\/p>\n<p><b>\u00a0<\/b><\/p>\n<p><b>Caracter\u00edsticas:<\/b><\/p>\n<ul>\n<li>Reviva el color.<\/li>\n<li>Protege contra la humedad.<\/li>\n<li>Producto testado y recomendado para calzado y art\u00edculos con membrana tipo Gore-Tex o similares.<\/li>\n<\/ul>\n<p><strong>Necesitas m\u00e1s informaci\u00f3n?<br \/>\n<\/strong><br \/>\n<a class=\"button large default\" title=\"CONTACTAR\" href=\"\/es\/contactar\/\" target=\"_self\">CONTACTAR<\/a>\n<div class=\"demo-sep sep-single\" style=\"margin-top:40px;margin-bottom:40px\"><\/div>\n","protected":false},"excerpt":{"rendered":"<p>Renovador Ante 13 colores Renueva el calzado de ante, nubuck y microfibra. \u00a0 Aplicaci\u00f3n: Ante, nubuck y microfibra. \u00a0 Caracter\u00edsticas: Reviva el color. Protege contra la humedad. Producto testado y recomendado para calzado y art\u00edculos con membrana tipo Gore-Tex o similares. Necesitas m\u00e1s informaci\u00f3n?<\/p>\n","protected":false},"featured_media":17417,"comment_status":"open","ping_status":"closed","template":"","meta":[],"product_brand":[],"product_cat":[252],"product_tag":[],"class_list":{"0":"post-7289","1":"product","2":"type-product","3":"status-publish","4":"has-post-thumbnail","6":"product_cat-gama-productos","8":"first","9":"instock","10":"shipping-taxable","11":"product-type-simple"},"_links":{"self":[{"href":"https:\/\/www.trg-theone.com\/es\/wp-json\/wp\/v2\/product\/7289","targetHints":{"allow":["GET"]}}],"collection":[{"href":"https:\/\/www.trg-theone.com\/es\/wp-json\/wp\/v2\/product"}],"about":[{"href":"https:\/\/www.trg-theone.com\/es\/wp-json\/wp\/v2\/types\/product"}],"replies":[{"embeddable":true,"href":"https:\/\/www.trg-theone.com\/es\/wp-json\/wp\/v2\/comments?post=7289"}],"wp:featuredmedia":[{"embeddable":true,"href":"https:\/\/www.trg-theone.com\/es\/wp-json\/wp\/v2\/media\/17417"}],"wp:attachment":[{"href":"https:\/\/www.trg-theone.com\/es\/wp-json\/wp\/v2\/media?parent=7289"}],"wp:term":[{"taxonomy":"product_brand","embeddable":true,"href":"https:\/\/www.trg-theone.com\/es\/wp-json\/wp\/v2\/product_brand?post=7289"},{"taxonomy":"product_cat","embeddable":true,"href":"https:\/\/www.trg-theone.com\/es\/wp-json\/wp\/v2\/product_cat?post=7289"},{"taxonomy":"product_tag","embeddable":true,"href":"https:\/\/www.trg-theone.com\/es\/wp-json\/wp\/v2\/product_tag?post=7289"}],"curies":[{"name":"wp","href":"https:\/\/api.w.org\/{rel}","templated":true}]}}