{"id":7286,"date":"2014-07-22T05:54:14","date_gmt":"2014-07-22T05:54:14","guid":{"rendered":"httpd:\/\/trg-theone.com\/product\/penetrating-dye-50ml-2\/"},"modified":"2018-11-06T12:28:22","modified_gmt":"2018-11-06T12:28:22","slug":"penetrating-dye-50ml","status":"publish","type":"product","link":"https:\/\/www.trg-theone.com\/es\/producto\/penetrating-dye-50ml\/","title":{"rendered":"Penetrating Dye 50ml."},"content":{"rendered":"<p><b>Tinta penetrante<\/b><\/p>\n<p>4 colores <a href=\"\/wp-content\/uploads\/2015\/06\/cartaDyes2015MR.pdf\" target=\"_blank\" rel=\"noopener\"><img loading=\"lazy\" decoding=\"async\" class=\"alignnone size-full wp-image-7359\" src=\"https:\/\/www.trg-theone.com\/wp-content\/uploads\/2014\/09\/icona_gama.png\" alt=\"icona_gama\" width=\"20\" height=\"20\" \/><\/a><\/p>\n<p>Tinta para piel<\/p>\n<p><b>\u00a0<\/b><\/p>\n<p><b>Aplicaci\u00f3n:<\/b><\/p>\n<p>Piel y piel sint\u00e9tica. No apto para ante y nubuck.<\/p>\n<p><b>\u00a0<\/b><\/p>\n<p><b>Caracter\u00edsticas:<\/b><\/p>\n<ul>\n<li>Aplicable solo para cambiar colores claros a oscuros.<\/li>\n<\/ul>\n<span class=\"highlight1\" style=\"background-color:#ffffff;\"><strong><a title=\"\" href=\"https:\/\/www.trg-theone.com\/es\/producto\/la-industrial-super-tinta-rapida\/\">\u00a0Tambi\u00e9n disponible en formato profesional<\/a>\u00a0<\/span><\/strong><\/p>\n<p>&nbsp;<\/p>\n<p><strong>Necesitas m\u00e1s informaci\u00f3n?<br \/>\n<\/strong><br \/>\n<a class=\"button large default\" title=\"CONTACTAR\" href=\"\/es\/contactar\/\" target=\"_self\">CONTACTAR<\/a>\n<div class=\"demo-sep sep-single\" style=\"margin-top:40px;margin-bottom:40px\"><\/div>\n","protected":false},"excerpt":{"rendered":"<p>Tinta penetrante 4 colores Tinta para piel \u00a0 Aplicaci\u00f3n: Piel y piel sint\u00e9tica. No apto para ante y nubuck. \u00a0 Caracter\u00edsticas: Aplicable solo para cambiar colores claros a oscuros. &nbsp; Necesitas m\u00e1s informaci\u00f3n?<\/p>\n","protected":false},"featured_media":17337,"comment_status":"open","ping_status":"closed","template":"","meta":[],"product_brand":[],"product_cat":[252],"product_tag":[],"class_list":{"0":"post-7286","1":"product","2":"type-product","3":"status-publish","4":"has-post-thumbnail","6":"product_cat-gama-productos","8":"first","9":"instock","10":"shipping-taxable","11":"product-type-simple"},"_links":{"self":[{"href":"https:\/\/www.trg-theone.com\/es\/wp-json\/wp\/v2\/product\/7286","targetHints":{"allow":["GET"]}}],"collection":[{"href":"https:\/\/www.trg-theone.com\/es\/wp-json\/wp\/v2\/product"}],"about":[{"href":"https:\/\/www.trg-theone.com\/es\/wp-json\/wp\/v2\/types\/product"}],"replies":[{"embeddable":true,"href":"https:\/\/www.trg-theone.com\/es\/wp-json\/wp\/v2\/comments?post=7286"}],"wp:featuredmedia":[{"embeddable":true,"href":"https:\/\/www.trg-theone.com\/es\/wp-json\/wp\/v2\/media\/17337"}],"wp:attachment":[{"href":"https:\/\/www.trg-theone.com\/es\/wp-json\/wp\/v2\/media?parent=7286"}],"wp:term":[{"taxonomy":"product_brand","embeddable":true,"href":"https:\/\/www.trg-theone.com\/es\/wp-json\/wp\/v2\/product_brand?post=7286"},{"taxonomy":"product_cat","embeddable":true,"href":"https:\/\/www.trg-theone.com\/es\/wp-json\/wp\/v2\/product_cat?post=7286"},{"taxonomy":"product_tag","embeddable":true,"href":"https:\/\/www.trg-theone.com\/es\/wp-json\/wp\/v2\/product_tag?post=7286"}],"curies":[{"name":"wp","href":"https:\/\/api.w.org\/{rel}","templated":true}]}}