{"id":7283,"date":"2014-07-22T05:55:48","date_gmt":"2014-07-22T05:55:48","guid":{"rendered":"httpd:\/\/trg-theone.com\/product\/super-color-150ml-i-400ml-2\/"},"modified":"2018-11-06T12:39:47","modified_gmt":"2018-11-06T12:39:47","slug":"super-color-150ml-i-400ml","status":"publish","type":"product","link":"https:\/\/www.trg-theone.com\/es\/producto\/super-color-150ml-i-400ml\/","title":{"rendered":"Super Color 150ml. i 400ml."},"content":{"rendered":"<p><strong>Tintura en aerosol para el calzado de piel<\/strong><\/p>\n<p>150ml: 40 colores <a href=\"\/wp-content\/uploads\/2015\/06\/cartaSuperColor2015MR.pdf\" target=\"_blank\" rel=\"noopener\"><img loading=\"lazy\" decoding=\"async\" class=\"alignnone size-full wp-image-7359\" src=\"https:\/\/www.trg-theone.com\/wp-content\/uploads\/2014\/09\/icona_gama.png\" alt=\"icona_gama\" width=\"20\" height=\"20\" \/><\/a><\/p>\n<p>400ml.: 5 colores<\/p>\n<p>&nbsp;<\/p>\n<p><b>\u00a0<\/b><b>Aplicaci\u00f3n:<\/b><\/p>\n<p>Piel y piel sint\u00e9tica. No apto para ante y nubuck.<\/p>\n<p><b>\u00a0<\/b><\/p>\n<p><b>Caracter\u00edsticas:<\/b><\/p>\n<ul>\n<li>Cambia el color, incluso blanco sobre negro<\/li>\n<li>F\u00e1cil aplicaci\u00f3n.<\/li>\n<li>Secado r\u00e1pido y no requiere acabado posterior.<\/li>\n<\/ul>\n<p><b>\u00a0<\/b><\/p>\n<p><strong>Necesitas m\u00e1s informaci\u00f3n?<br \/>\n<\/strong><br \/>\n<a class=\"button large default\" title=\"CONTACTAR\" href=\"\/es\/contactar\/\" target=\"_self\">CONTACTAR<\/a>\n<div class=\"demo-sep sep-single\" style=\"margin-top:40px;margin-bottom:40px\"><\/div>\n","protected":false},"excerpt":{"rendered":"<p>Tintura en aerosol para el calzado de piel 150ml: 40 colores 400ml.: 5 colores &nbsp; \u00a0Aplicaci\u00f3n: Piel y piel sint\u00e9tica. No apto para ante y nubuck. \u00a0 Caracter\u00edsticas: Cambia el color, incluso blanco sobre negro F\u00e1cil aplicaci\u00f3n. Secado r\u00e1pido y no requiere acabado posterior. \u00a0 Necesitas m\u00e1s informaci\u00f3n?<\/p>\n","protected":false},"featured_media":17401,"comment_status":"open","ping_status":"closed","template":"","meta":[],"product_brand":[],"product_cat":[252],"product_tag":[],"class_list":{"0":"post-7283","1":"product","2":"type-product","3":"status-publish","4":"has-post-thumbnail","6":"product_cat-gama-productos","8":"first","9":"instock","10":"shipping-taxable","11":"product-type-simple"},"_links":{"self":[{"href":"https:\/\/www.trg-theone.com\/es\/wp-json\/wp\/v2\/product\/7283","targetHints":{"allow":["GET"]}}],"collection":[{"href":"https:\/\/www.trg-theone.com\/es\/wp-json\/wp\/v2\/product"}],"about":[{"href":"https:\/\/www.trg-theone.com\/es\/wp-json\/wp\/v2\/types\/product"}],"replies":[{"embeddable":true,"href":"https:\/\/www.trg-theone.com\/es\/wp-json\/wp\/v2\/comments?post=7283"}],"wp:featuredmedia":[{"embeddable":true,"href":"https:\/\/www.trg-theone.com\/es\/wp-json\/wp\/v2\/media\/17401"}],"wp:attachment":[{"href":"https:\/\/www.trg-theone.com\/es\/wp-json\/wp\/v2\/media?parent=7283"}],"wp:term":[{"taxonomy":"product_brand","embeddable":true,"href":"https:\/\/www.trg-theone.com\/es\/wp-json\/wp\/v2\/product_brand?post=7283"},{"taxonomy":"product_cat","embeddable":true,"href":"https:\/\/www.trg-theone.com\/es\/wp-json\/wp\/v2\/product_cat?post=7283"},{"taxonomy":"product_tag","embeddable":true,"href":"https:\/\/www.trg-theone.com\/es\/wp-json\/wp\/v2\/product_tag?post=7283"}],"curies":[{"name":"wp","href":"https:\/\/api.w.org\/{rel}","templated":true}]}}