{"id":7277,"date":"2014-07-22T05:58:40","date_gmt":"2014-07-22T05:58:40","guid":{"rendered":"httpd:\/\/trg-theone.com\/product\/shoe-stretch-100ml-2\/"},"modified":"2018-11-06T12:21:39","modified_gmt":"2018-11-06T12:21:39","slug":"shoe-stretch-100ml","status":"publish","type":"product","link":"https:\/\/www.trg-theone.com\/es\/producto\/shoe-stretch-100ml\/","title":{"rendered":"Shoe Stretch 100ml."},"content":{"rendered":"<p><strong>Dilata el interior del calzado.<\/strong><\/p>\n<p>Neutral<\/p>\n<p>&nbsp;<\/p>\n<p><b>Aplicaci\u00f3n:<\/b><\/p>\n<p>Para piel lisa.<\/p>\n<p>&nbsp;<\/p>\n<p><b>Caracter\u00edsticas<\/b><b>:<\/b><\/p>\n<ul>\n<li>Flexibiliza la piel del calzado, adapt\u00e1ndola a la forma del pie.<\/li>\n<li>Elimina presiones, evitando el dolor.<\/li>\n<\/ul>\n<span class=\"highlight1\" style=\"background-color:#ffffff;\"><strong><a title=\"\" href=\"https:\/\/www.trg-theone.com\/es\/producto\/shoe-stretch\/\">\u00a0Tambi\u00e9n disponible en formato profesional<\/a>\u00a0<\/span><\/strong><br \/>\n<b>\u00a0<\/b><\/p>\n<p><strong>Necesitas m\u00e1s informaci\u00f3n?<br \/>\n<\/strong><br \/>\n<a class=\"button large default\" title=\"CONTACTAR\" href=\"\/es\/contactar\/\" target=\"_self\">CONTACTAR<\/a>\n<div class=\"demo-sep sep-single\" style=\"margin-top:40px;margin-bottom:40px\"><\/div>\n","protected":false},"excerpt":{"rendered":"<p>Dilata el interior del calzado. Neutral &nbsp; Aplicaci\u00f3n: Para piel lisa. &nbsp; Caracter\u00edsticas: Flexibiliza la piel del calzado, adapt\u00e1ndola a la forma del pie. Elimina presiones, evitando el dolor. \u00a0 Necesitas m\u00e1s informaci\u00f3n?<\/p>\n","protected":false},"featured_media":17385,"comment_status":"open","ping_status":"closed","template":"","meta":[],"product_brand":[],"product_cat":[252],"product_tag":[],"class_list":{"0":"post-7277","1":"product","2":"type-product","3":"status-publish","4":"has-post-thumbnail","6":"product_cat-gama-productos","8":"first","9":"instock","10":"shipping-taxable","11":"product-type-simple"},"_links":{"self":[{"href":"https:\/\/www.trg-theone.com\/es\/wp-json\/wp\/v2\/product\/7277","targetHints":{"allow":["GET"]}}],"collection":[{"href":"https:\/\/www.trg-theone.com\/es\/wp-json\/wp\/v2\/product"}],"about":[{"href":"https:\/\/www.trg-theone.com\/es\/wp-json\/wp\/v2\/types\/product"}],"replies":[{"embeddable":true,"href":"https:\/\/www.trg-theone.com\/es\/wp-json\/wp\/v2\/comments?post=7277"}],"wp:featuredmedia":[{"embeddable":true,"href":"https:\/\/www.trg-theone.com\/es\/wp-json\/wp\/v2\/media\/17385"}],"wp:attachment":[{"href":"https:\/\/www.trg-theone.com\/es\/wp-json\/wp\/v2\/media?parent=7277"}],"wp:term":[{"taxonomy":"product_brand","embeddable":true,"href":"https:\/\/www.trg-theone.com\/es\/wp-json\/wp\/v2\/product_brand?post=7277"},{"taxonomy":"product_cat","embeddable":true,"href":"https:\/\/www.trg-theone.com\/es\/wp-json\/wp\/v2\/product_cat?post=7277"},{"taxonomy":"product_tag","embeddable":true,"href":"https:\/\/www.trg-theone.com\/es\/wp-json\/wp\/v2\/product_tag?post=7277"}],"curies":[{"name":"wp","href":"https:\/\/api.w.org\/{rel}","templated":true}]}}