{"id":7268,"date":"2014-07-24T06:05:50","date_gmt":"2014-07-22T06:05:50","guid":{"rendered":"httpd:\/\/trg-theone.com\/product\/instant-shine-250ml-2\/"},"modified":"2018-11-06T11:52:21","modified_gmt":"2018-11-06T11:52:21","slug":"instant-shine-250ml","status":"publish","type":"product","link":"https:\/\/www.trg-theone.com\/es\/producto\/instant-shine-250ml\/","title":{"rendered":"Instant Shine 250ml."},"content":{"rendered":"<p><b>Abrillantador <\/b><\/p>\n<p>Incoloro<\/p>\n<p>Abrillanta el calzado de piel y piel sint\u00e9tica.<\/p>\n<p>&nbsp;<\/p>\n<p><b>Aplicaci\u00f3n:<\/b><\/p>\n<p>Piel y piel sint\u00e9tica.<\/p>\n<p><b>\u00a0<\/b><\/p>\n<p><b>Caracter\u00edsticas:<\/b><\/p>\n<ul>\n<li>Abrillanta la superficie de la piel.<\/li>\n<li>Reviva los colores deteriorados por los efectos de la luz y otras causas.<\/li>\n<li>F\u00e1cil de aplicar.<\/li>\n<\/ul>\n<p><strong>Necesitas m\u00e1s informaci\u00f3n?<br \/>\n<\/strong><br \/>\n<a class=\"button large default\" title=\"CONTACTAR\" href=\"\/es\/contactar\/\" target=\"_self\">CONTACTAR<\/a>\n<div class=\"demo-sep sep-single\" style=\"margin-top:40px;margin-bottom:40px\"><\/div>\n","protected":false},"excerpt":{"rendered":"<p>Abrillantador Incoloro Abrillanta el calzado de piel y piel sint\u00e9tica. &nbsp; Aplicaci\u00f3n: Piel y piel sint\u00e9tica. \u00a0 Caracter\u00edsticas: Abrillanta la superficie de la piel. Reviva los colores deteriorados por los efectos de la luz y otras causas. F\u00e1cil de aplicar. Necesitas m\u00e1s informaci\u00f3n?<\/p>\n","protected":false},"featured_media":17305,"comment_status":"open","ping_status":"closed","template":"","meta":[],"product_brand":[],"product_cat":[252],"product_tag":[],"class_list":{"0":"post-7268","1":"product","2":"type-product","3":"status-publish","4":"has-post-thumbnail","6":"product_cat-gama-productos","8":"first","9":"instock","10":"shipping-taxable","11":"product-type-simple"},"_links":{"self":[{"href":"https:\/\/www.trg-theone.com\/es\/wp-json\/wp\/v2\/product\/7268","targetHints":{"allow":["GET"]}}],"collection":[{"href":"https:\/\/www.trg-theone.com\/es\/wp-json\/wp\/v2\/product"}],"about":[{"href":"https:\/\/www.trg-theone.com\/es\/wp-json\/wp\/v2\/types\/product"}],"replies":[{"embeddable":true,"href":"https:\/\/www.trg-theone.com\/es\/wp-json\/wp\/v2\/comments?post=7268"}],"wp:featuredmedia":[{"embeddable":true,"href":"https:\/\/www.trg-theone.com\/es\/wp-json\/wp\/v2\/media\/17305"}],"wp:attachment":[{"href":"https:\/\/www.trg-theone.com\/es\/wp-json\/wp\/v2\/media?parent=7268"}],"wp:term":[{"taxonomy":"product_brand","embeddable":true,"href":"https:\/\/www.trg-theone.com\/es\/wp-json\/wp\/v2\/product_brand?post=7268"},{"taxonomy":"product_cat","embeddable":true,"href":"https:\/\/www.trg-theone.com\/es\/wp-json\/wp\/v2\/product_cat?post=7268"},{"taxonomy":"product_tag","embeddable":true,"href":"https:\/\/www.trg-theone.com\/es\/wp-json\/wp\/v2\/product_tag?post=7268"}],"curies":[{"name":"wp","href":"https:\/\/api.w.org\/{rel}","templated":true}]}}