{"id":7265,"date":"2014-07-22T06:08:02","date_gmt":"2014-07-22T06:08:02","guid":{"rendered":"httpd:\/\/trg-theone.com\/product\/mink-oil-100ml-2\/"},"modified":"2018-11-02T11:50:04","modified_gmt":"2018-11-02T11:50:04","slug":"mink-oil-100ml","status":"publish","type":"product","link":"https:\/\/www.trg-theone.com\/es\/producto\/mink-oil-100ml\/","title":{"rendered":"Mink Oil 100ml."},"content":{"rendered":"<p>Incoloro<\/p>\n<p>Grasa para pieles engrasadas y naturales<\/p>\n<p><b>\u00a0<\/b><\/p>\n<p><b>Aplicaci\u00f3n:<\/b><\/p>\n<p>Pieles engrasadas y naturales.<\/p>\n<p><b>\u00a0<\/b><b>\u00a0<\/b><\/p>\n<p><b>Caracter\u00edsticas:<\/b><\/p>\n<ul>\n<li>Lubrifica la piel evitando la formaci\u00f3n de grietas en la piel.<\/li>\n<li>Impermeabiliza la piel.<\/li>\n<li>F\u00e1cil aplicaci\u00f3n.<\/li>\n<\/ul>\n<div style=\"max-width:300px;max-height:175px;\"><div class=\"video-shortcode\"><iframe loading=\"lazy\" title=\"YouTube video player\" width=\"300\" height=\"175\" src=\"http:\/\/www.youtube.com\/embed\/2uDYef60558?wmode=transparent\" frameborder=\"0\" allowfullscreen><\/iframe><\/div><\/div>\n<p><strong>Necesitas m\u00e1s informaci\u00f3n?<br \/>\n<\/strong><br \/>\n<a class=\"button large default\" title=\"CONTACTAR\" href=\"\/es\/contactar\/\" target=\"_self\">CONTACTAR<\/a>\n<div class=\"demo-sep sep-single\" style=\"margin-top:40px;margin-bottom:40px\"><\/div>\n","protected":false},"excerpt":{"rendered":"<p>Incoloro Grasa para pieles engrasadas y naturales \u00a0 Aplicaci\u00f3n: Pieles engrasadas y naturales. \u00a0\u00a0 Caracter\u00edsticas: Lubrifica la piel evitando la formaci\u00f3n de grietas en la piel. Impermeabiliza la piel. F\u00e1cil aplicaci\u00f3n. Necesitas m\u00e1s informaci\u00f3n?<\/p>\n","protected":false},"featured_media":17317,"comment_status":"open","ping_status":"closed","template":"","meta":[],"product_brand":[],"product_cat":[252],"product_tag":[],"class_list":{"0":"post-7265","1":"product","2":"type-product","3":"status-publish","4":"has-post-thumbnail","6":"product_cat-gama-productos","8":"first","9":"instock","10":"shipping-taxable","11":"product-type-simple"},"_links":{"self":[{"href":"https:\/\/www.trg-theone.com\/es\/wp-json\/wp\/v2\/product\/7265","targetHints":{"allow":["GET"]}}],"collection":[{"href":"https:\/\/www.trg-theone.com\/es\/wp-json\/wp\/v2\/product"}],"about":[{"href":"https:\/\/www.trg-theone.com\/es\/wp-json\/wp\/v2\/types\/product"}],"replies":[{"embeddable":true,"href":"https:\/\/www.trg-theone.com\/es\/wp-json\/wp\/v2\/comments?post=7265"}],"wp:featuredmedia":[{"embeddable":true,"href":"https:\/\/www.trg-theone.com\/es\/wp-json\/wp\/v2\/media\/17317"}],"wp:attachment":[{"href":"https:\/\/www.trg-theone.com\/es\/wp-json\/wp\/v2\/media?parent=7265"}],"wp:term":[{"taxonomy":"product_brand","embeddable":true,"href":"https:\/\/www.trg-theone.com\/es\/wp-json\/wp\/v2\/product_brand?post=7265"},{"taxonomy":"product_cat","embeddable":true,"href":"https:\/\/www.trg-theone.com\/es\/wp-json\/wp\/v2\/product_cat?post=7265"},{"taxonomy":"product_tag","embeddable":true,"href":"https:\/\/www.trg-theone.com\/es\/wp-json\/wp\/v2\/product_tag?post=7265"}],"curies":[{"name":"wp","href":"https:\/\/api.w.org\/{rel}","templated":true}]}}