{"id":7262,"date":"2014-07-22T06:09:55","date_gmt":"2014-07-22T06:09:55","guid":{"rendered":""},"modified":"2022-03-30T11:21:36","modified_gmt":"2022-03-30T11:21:36","slug":"dubbin-50ml-i-100ml","status":"publish","type":"product","link":"https:\/\/www.trg-theone.com\/es\/producto\/dubbin-50ml-i-100ml\/","title":{"rendered":"Dubbin 65ml. i 100ml."},"content":{"rendered":"<p><b>Grasa <\/b><\/p>\n<p>Incoloro y negro<\/p>\n<p>Para pieles engrasadas.<\/p>\n<p><b>\u00a0<\/b><\/p>\n<p><b>Aplicaci\u00f3n:<\/b><\/p>\n<p>Pieles y pieles engrasadas.<\/p>\n<p><b>\u00a0<\/b><\/p>\n<p><b>Caracter\u00edsticas:<\/b><\/p>\n<ul>\n<li>Impermeabiliza y suaviza la piel.<\/li>\n<li>Protege contra la formaci\u00f3n\u00a0 de grietas en la piel.<\/li>\n<li>F\u00e1cil aplicaci\u00f3n.<\/li>\n<\/ul>\n<span class=\"highlight1\" style=\"background-color:#ffffff;\"><strong><a title=\"\" href=\"https:\/\/www.trg-theone.com\/es\/producto\/dubbin\/\">\u00a0Tambi\u00e9n disponible en formato profesional<\/a>\u00a0<\/span><\/strong><\/p>\n<p>&nbsp;<\/p>\n<p><strong>Necesitas m\u00e1s informaci\u00f3n?<br \/>\n<\/strong><br \/>\n<a class=\"button large default\" title=\"CONTACTAR\" href=\"\/es\/contactar\/\" target=\"_self\">CONTACTAR<\/a>\n<div class=\"demo-sep sep-single\" style=\"margin-top:40px;margin-bottom:40px\"><\/div>\n","protected":false},"excerpt":{"rendered":"<p>Grasa Incoloro y negro Para pieles engrasadas. \u00a0 Aplicaci\u00f3n: Pieles y pieles engrasadas. \u00a0 Caracter\u00edsticas: Impermeabiliza y suaviza la piel. Protege contra la formaci\u00f3n\u00a0 de grietas en la piel. F\u00e1cil aplicaci\u00f3n. &nbsp; Necesitas m\u00e1s informaci\u00f3n?<\/p>\n","protected":false},"featured_media":17293,"comment_status":"open","ping_status":"closed","template":"","meta":[],"product_brand":[],"product_cat":[252],"product_tag":[],"class_list":{"0":"post-7262","1":"product","2":"type-product","3":"status-publish","4":"has-post-thumbnail","6":"product_cat-gama-productos","8":"first","9":"instock","10":"shipping-taxable","11":"product-type-simple"},"_links":{"self":[{"href":"https:\/\/www.trg-theone.com\/es\/wp-json\/wp\/v2\/product\/7262","targetHints":{"allow":["GET"]}}],"collection":[{"href":"https:\/\/www.trg-theone.com\/es\/wp-json\/wp\/v2\/product"}],"about":[{"href":"https:\/\/www.trg-theone.com\/es\/wp-json\/wp\/v2\/types\/product"}],"replies":[{"embeddable":true,"href":"https:\/\/www.trg-theone.com\/es\/wp-json\/wp\/v2\/comments?post=7262"}],"wp:featuredmedia":[{"embeddable":true,"href":"https:\/\/www.trg-theone.com\/es\/wp-json\/wp\/v2\/media\/17293"}],"wp:attachment":[{"href":"https:\/\/www.trg-theone.com\/es\/wp-json\/wp\/v2\/media?parent=7262"}],"wp:term":[{"taxonomy":"product_brand","embeddable":true,"href":"https:\/\/www.trg-theone.com\/es\/wp-json\/wp\/v2\/product_brand?post=7262"},{"taxonomy":"product_cat","embeddable":true,"href":"https:\/\/www.trg-theone.com\/es\/wp-json\/wp\/v2\/product_cat?post=7262"},{"taxonomy":"product_tag","embeddable":true,"href":"https:\/\/www.trg-theone.com\/es\/wp-json\/wp\/v2\/product_tag?post=7262"}],"curies":[{"name":"wp","href":"https:\/\/api.w.org\/{rel}","templated":true}]}}