{"id":7243,"date":"2014-06-09T06:22:56","date_gmt":"2014-07-22T06:22:56","guid":{"rendered":"httpd:\/\/trg-theone.com\/product\/quick-shine-sponge-2\/"},"modified":"2018-11-06T11:55:53","modified_gmt":"2018-11-06T11:55:53","slug":"quick-shine-sponge","status":"publish","type":"product","link":"https:\/\/www.trg-theone.com\/es\/producto\/quick-shine-sponge\/","title":{"rendered":"Quick Shine Sponge"},"content":{"rendered":"<p><b>Esponja brillo instant\u00e1neo <\/b><\/p>\n<p>Esponja que da brillo al momento al calzado de pieles delicadas, charol y reptiles.<\/p>\n<p><b>\u00a0<\/b><\/p>\n<p><b>Aplicaci\u00f3n:<\/b><\/p>\n<p>Pieles delicadas, charol y reptiles.<\/p>\n<p><b>\u00a0<\/b><\/p>\n<p><b>Caracter\u00edsticas:<\/b><\/p>\n<ul>\n<li>Esponja limpiadora impregnada de preparado autobrillante.<\/li>\n<li>Da brillo.<\/li>\n<li>F\u00e1cil aplicaci\u00f3n.<\/li>\n<\/ul>\n<p><strong>Necesitas m\u00e1s informaci\u00f3n?<br \/>\n<\/strong><br \/>\n<a class=\"button large default\" title=\"CONTACTAR\" href=\"\/es\/contactar\/\" target=\"_self\">CONTACTAR<\/a>\n<div class=\"demo-sep sep-single\" style=\"margin-top:40px;margin-bottom:40px\"><\/div>\n","protected":false},"excerpt":{"rendered":"<p>Esponja brillo instant\u00e1neo Esponja que da brillo al momento al calzado de pieles delicadas, charol y reptiles. \u00a0 Aplicaci\u00f3n: Pieles delicadas, charol y reptiles. \u00a0 Caracter\u00edsticas: Esponja limpiadora impregnada de preparado autobrillante. Da brillo. F\u00e1cil aplicaci\u00f3n. Necesitas m\u00e1s informaci\u00f3n?<\/p>\n","protected":false},"featured_media":17349,"comment_status":"open","ping_status":"closed","template":"","meta":[],"product_brand":[],"product_cat":[252],"product_tag":[],"class_list":{"0":"post-7243","1":"product","2":"type-product","3":"status-publish","4":"has-post-thumbnail","6":"product_cat-gama-productos","8":"first","9":"instock","10":"shipping-taxable","11":"product-type-simple"},"_links":{"self":[{"href":"https:\/\/www.trg-theone.com\/es\/wp-json\/wp\/v2\/product\/7243","targetHints":{"allow":["GET"]}}],"collection":[{"href":"https:\/\/www.trg-theone.com\/es\/wp-json\/wp\/v2\/product"}],"about":[{"href":"https:\/\/www.trg-theone.com\/es\/wp-json\/wp\/v2\/types\/product"}],"replies":[{"embeddable":true,"href":"https:\/\/www.trg-theone.com\/es\/wp-json\/wp\/v2\/comments?post=7243"}],"wp:featuredmedia":[{"embeddable":true,"href":"https:\/\/www.trg-theone.com\/es\/wp-json\/wp\/v2\/media\/17349"}],"wp:attachment":[{"href":"https:\/\/www.trg-theone.com\/es\/wp-json\/wp\/v2\/media?parent=7243"}],"wp:term":[{"taxonomy":"product_brand","embeddable":true,"href":"https:\/\/www.trg-theone.com\/es\/wp-json\/wp\/v2\/product_brand?post=7243"},{"taxonomy":"product_cat","embeddable":true,"href":"https:\/\/www.trg-theone.com\/es\/wp-json\/wp\/v2\/product_cat?post=7243"},{"taxonomy":"product_tag","embeddable":true,"href":"https:\/\/www.trg-theone.com\/es\/wp-json\/wp\/v2\/product_tag?post=7243"}],"curies":[{"name":"wp","href":"https:\/\/api.w.org\/{rel}","templated":true}]}}