{"id":7240,"date":"2014-06-05T06:26:31","date_gmt":"2014-07-22T06:26:31","guid":{"rendered":"httpd:\/\/trg-theone.com\/product\/shoe-polish-50ml-i-100ml-2\/"},"modified":"2018-11-06T11:26:08","modified_gmt":"2018-11-06T11:26:08","slug":"shoe-polish-50ml-i-100ml","status":"publish","type":"product","link":"https:\/\/www.trg-theone.com\/es\/producto\/shoe-polish-50ml-i-100ml\/","title":{"rendered":"Shoe Polish 50ml. i 100ml."},"content":{"rendered":"<p><strong>Bet\u00fan<\/strong><\/p>\n<p>50ml: 5 colores<\/p>\n<p>100ml.: 2 colores<\/p>\n<p>Bet\u00fan para piel y piel sint\u00e9tica.<\/p>\n<p>&nbsp;<\/p>\n<p><b>Aplicaci\u00f3n:<\/b><\/p>\n<p>Piel y piel sint\u00e9tica.<\/p>\n<p><b>\u00a0<\/b><\/p>\n<p><b>Caracter\u00edsticas:<\/b><\/p>\n<ul>\n<li>Bet\u00fan pigmentado a base de ceras naturales.<\/li>\n<li>Limpia, nutre y da brillo.<\/li>\n<li>Mantiene la flexibilidad de la piel<\/li>\n<\/ul>\n<div style=\"max-width:300px;max-height:175px;\"><div class=\"video-shortcode\"><iframe loading=\"lazy\" title=\"YouTube video player\" width=\"300\" height=\"175\" src=\"http:\/\/www.youtube.com\/embed\/oHcbpepEYks?wmode=transparent\" frameborder=\"0\" allowfullscreen><\/iframe><\/div><\/div>\n<p><strong>Necesitas m\u00e1s informaci\u00f3n?<br \/>\n<\/strong><br \/>\n<a class=\"button large default\" title=\"CONTACTAR\" href=\"\/es\/contactar\/\" target=\"_self\">CONTACTAR<\/a>\n<div class=\"demo-sep sep-single\" style=\"margin-top:40px;margin-bottom:40px\"><\/div>\n","protected":false},"excerpt":{"rendered":"<p>Bet\u00fan 50ml: 5 colores 100ml.: 2 colores Bet\u00fan para piel y piel sint\u00e9tica. &nbsp; Aplicaci\u00f3n: Piel y piel sint\u00e9tica. \u00a0 Caracter\u00edsticas: Bet\u00fan pigmentado a base de ceras naturales. Limpia, nutre y da brillo. Mantiene la flexibilidad de la piel Necesitas m\u00e1s informaci\u00f3n?<\/p>\n","protected":false},"featured_media":17381,"comment_status":"open","ping_status":"closed","template":"","meta":[],"product_brand":[],"product_cat":[252],"product_tag":[],"class_list":{"0":"post-7240","1":"product","2":"type-product","3":"status-publish","4":"has-post-thumbnail","6":"product_cat-gama-productos","8":"first","9":"instock","10":"shipping-taxable","11":"product-type-simple"},"_links":{"self":[{"href":"https:\/\/www.trg-theone.com\/es\/wp-json\/wp\/v2\/product\/7240","targetHints":{"allow":["GET"]}}],"collection":[{"href":"https:\/\/www.trg-theone.com\/es\/wp-json\/wp\/v2\/product"}],"about":[{"href":"https:\/\/www.trg-theone.com\/es\/wp-json\/wp\/v2\/types\/product"}],"replies":[{"embeddable":true,"href":"https:\/\/www.trg-theone.com\/es\/wp-json\/wp\/v2\/comments?post=7240"}],"wp:featuredmedia":[{"embeddable":true,"href":"https:\/\/www.trg-theone.com\/es\/wp-json\/wp\/v2\/media\/17381"}],"wp:attachment":[{"href":"https:\/\/www.trg-theone.com\/es\/wp-json\/wp\/v2\/media?parent=7240"}],"wp:term":[{"taxonomy":"product_brand","embeddable":true,"href":"https:\/\/www.trg-theone.com\/es\/wp-json\/wp\/v2\/product_brand?post=7240"},{"taxonomy":"product_cat","embeddable":true,"href":"https:\/\/www.trg-theone.com\/es\/wp-json\/wp\/v2\/product_cat?post=7240"},{"taxonomy":"product_tag","embeddable":true,"href":"https:\/\/www.trg-theone.com\/es\/wp-json\/wp\/v2\/product_tag?post=7240"}],"curies":[{"name":"wp","href":"https:\/\/api.w.org\/{rel}","templated":true}]}}