{"id":7234,"date":"2014-06-04T06:30:44","date_gmt":"2014-07-22T06:30:44","guid":{"rendered":"httpd:\/\/trg-theone.com\/product\/shoe-cream-50ml-3-2\/"},"modified":"2018-11-06T10:38:10","modified_gmt":"2018-11-06T10:38:10","slug":"shoe-cream-50ml-3","status":"publish","type":"product","link":"https:\/\/www.trg-theone.com\/es\/producto\/shoe-cream-50ml-3\/","title":{"rendered":"Shoe Cream 50ml."},"content":{"rendered":"<p><b>Crema en tubo <\/b><\/p>\n<p>3 colores<\/p>\n<p>Crema para piel y piel sint\u00e9tica.<\/p>\n<p><b>\u00a0<\/b><\/p>\n<p><b>Aplicaci\u00f3n:<\/b><\/p>\n<p>Piel y piel sint\u00e9tica.<\/p>\n<p><b>\u00a0<\/b><\/p>\n<p><b>Caracter\u00edsticas:<\/b><\/p>\n<ul>\n<li>Crema a base de ceras.<\/li>\n<li>Nutre, da brillo y mantiene el color.<\/li>\n<li>F\u00e1cil aplicaci\u00f3n.<\/li>\n<\/ul>\n<p><strong>Necesitas m\u00e1s informaci\u00f3n?<br \/>\n<\/strong><br \/>\n<a class=\"button large default\" title=\"CONTACTAR\" href=\"\/es\/contactar\/\" target=\"_self\">CONTACTAR<\/a>\n<div class=\"demo-sep sep-single\" style=\"margin-top:40px;margin-bottom:40px\"><\/div>\n","protected":false},"excerpt":{"rendered":"<p>Crema en tubo 3 colores Crema para piel y piel sint\u00e9tica. \u00a0 Aplicaci\u00f3n: Piel y piel sint\u00e9tica. \u00a0 Caracter\u00edsticas: Crema a base de ceras. Nutre, da brillo y mantiene el color. F\u00e1cil aplicaci\u00f3n. Necesitas m\u00e1s informaci\u00f3n?<\/p>\n","protected":false},"featured_media":17369,"comment_status":"open","ping_status":"closed","template":"","meta":[],"product_brand":[],"product_cat":[252],"product_tag":[],"class_list":{"0":"post-7234","1":"product","2":"type-product","3":"status-publish","4":"has-post-thumbnail","6":"product_cat-gama-productos","8":"first","9":"instock","10":"shipping-taxable","11":"product-type-simple"},"_links":{"self":[{"href":"https:\/\/www.trg-theone.com\/es\/wp-json\/wp\/v2\/product\/7234","targetHints":{"allow":["GET"]}}],"collection":[{"href":"https:\/\/www.trg-theone.com\/es\/wp-json\/wp\/v2\/product"}],"about":[{"href":"https:\/\/www.trg-theone.com\/es\/wp-json\/wp\/v2\/types\/product"}],"replies":[{"embeddable":true,"href":"https:\/\/www.trg-theone.com\/es\/wp-json\/wp\/v2\/comments?post=7234"}],"wp:featuredmedia":[{"embeddable":true,"href":"https:\/\/www.trg-theone.com\/es\/wp-json\/wp\/v2\/media\/17369"}],"wp:attachment":[{"href":"https:\/\/www.trg-theone.com\/es\/wp-json\/wp\/v2\/media?parent=7234"}],"wp:term":[{"taxonomy":"product_brand","embeddable":true,"href":"https:\/\/www.trg-theone.com\/es\/wp-json\/wp\/v2\/product_brand?post=7234"},{"taxonomy":"product_cat","embeddable":true,"href":"https:\/\/www.trg-theone.com\/es\/wp-json\/wp\/v2\/product_cat?post=7234"},{"taxonomy":"product_tag","embeddable":true,"href":"https:\/\/www.trg-theone.com\/es\/wp-json\/wp\/v2\/product_tag?post=7234"}],"curies":[{"name":"wp","href":"https:\/\/api.w.org\/{rel}","templated":true}]}}