{"id":6406,"date":"2014-07-21T12:34:36","date_gmt":"2014-07-21T12:34:36","guid":{"rendered":"httpd:\/\/trg-theone.com\/product\/conditioner-50ml-2\/"},"modified":"2018-11-02T12:12:05","modified_gmt":"2018-11-02T12:12:05","slug":"conditioner-50ml","status":"publish","type":"product","link":"https:\/\/www.trg-theone.com\/es\/producto\/conditioner-50ml\/","title":{"rendered":"Conditioner 50ml."},"content":{"rendered":"<p><b>Acondicionador <\/b><\/p>\n<p>Incoloro<\/p>\n<p>Prepara la piel antes de ser te\u00f1ida<\/p>\n<p><b>Aplicaci\u00f3n:<\/b><\/p>\n<p>Piel.\u00a0 No apto para ante y nubuck.<\/p>\n<p><b>\u00a0<\/b><\/p>\n<p><b>Caracter\u00edsticas:<\/b><\/p>\n<ul>\n<li>Elimina la suciedad y los acabados de la piel.<\/li>\n<li>\u00a0Prepara la piel antes de ser te\u00f1ida.<\/li>\n<\/ul>\n<span class=\"highlight1\" style=\"background-color:#ffffff;\"><strong><a title=\"\" href=\"https:\/\/www.trg-theone.com\/es\/producto\/conditioner\/\">\u00a0Tambi\u00e9n disponible en formato profesional<\/a>\u00a0<\/span><\/strong><\/p>\n<p>&nbsp;<\/p>\n<p><strong>Necesitas m\u00e1s informaci\u00f3n?<br \/>\n<\/strong><br \/>\n<a class=\"button large default\" title=\"CONTACTAR\" href=\"\/es\/contactar\/\" target=\"_self\">CONTACTAR<\/a>\n<div class=\"demo-sep sep-single\" style=\"margin-top:40px;margin-bottom:40px\"><\/div>\n","protected":false},"excerpt":{"rendered":"<p>Acondicionador Incoloro Prepara la piel antes de ser te\u00f1ida Aplicaci\u00f3n: Piel.\u00a0 No apto para ante y nubuck. \u00a0 Caracter\u00edsticas: Elimina la suciedad y los acabados de la piel. \u00a0Prepara la piel antes de ser te\u00f1ida. &nbsp; Necesitas m\u00e1s informaci\u00f3n?<\/p>\n","protected":false},"featured_media":17341,"comment_status":"open","ping_status":"closed","template":"","meta":[],"product_brand":[],"product_cat":[252],"product_tag":[],"class_list":{"0":"post-6406","1":"product","2":"type-product","3":"status-publish","4":"has-post-thumbnail","6":"product_cat-gama-productos","8":"first","9":"instock","10":"shipping-taxable","11":"product-type-simple"},"_links":{"self":[{"href":"https:\/\/www.trg-theone.com\/es\/wp-json\/wp\/v2\/product\/6406","targetHints":{"allow":["GET"]}}],"collection":[{"href":"https:\/\/www.trg-theone.com\/es\/wp-json\/wp\/v2\/product"}],"about":[{"href":"https:\/\/www.trg-theone.com\/es\/wp-json\/wp\/v2\/types\/product"}],"replies":[{"embeddable":true,"href":"https:\/\/www.trg-theone.com\/es\/wp-json\/wp\/v2\/comments?post=6406"}],"wp:featuredmedia":[{"embeddable":true,"href":"https:\/\/www.trg-theone.com\/es\/wp-json\/wp\/v2\/media\/17341"}],"wp:attachment":[{"href":"https:\/\/www.trg-theone.com\/es\/wp-json\/wp\/v2\/media?parent=6406"}],"wp:term":[{"taxonomy":"product_brand","embeddable":true,"href":"https:\/\/www.trg-theone.com\/es\/wp-json\/wp\/v2\/product_brand?post=6406"},{"taxonomy":"product_cat","embeddable":true,"href":"https:\/\/www.trg-theone.com\/es\/wp-json\/wp\/v2\/product_cat?post=6406"},{"taxonomy":"product_tag","embeddable":true,"href":"https:\/\/www.trg-theone.com\/es\/wp-json\/wp\/v2\/product_tag?post=6406"}],"curies":[{"name":"wp","href":"https:\/\/api.w.org\/{rel}","templated":true}]}}