{"id":18804,"date":"2021-11-12T12:17:56","date_gmt":"2021-11-12T12:17:56","guid":{"rendered":"https:\/\/www.trg-theone.com\/product\/trg-heel-dye-400ml\/"},"modified":"2021-11-15T08:29:43","modified_gmt":"2021-11-15T08:29:43","slug":"trg-heel-dye-400ml","status":"publish","type":"product","link":"https:\/\/www.trg-theone.com\/es\/producto\/trg-heel-dye-400ml\/","title":{"rendered":"TRG Heel Dye 400ml."},"content":{"rendered":"<p><b>Tinta<\/b><\/p>\n<p>4 colores<\/p>\n<p>Tinte para tal\u00f3n de piel, madera y pl\u00e1stico.<\/p>\n<p><b>\u00a0<\/b><\/p>\n<p><b>Aplicaci\u00f3n:<\/b><\/p>\n<p>Talones de piel, madera y pl\u00e1stico.<\/p>\n<p><b>\u00a0<\/b><\/p>\n<p><b>Caracter\u00edsticas:<\/b><\/p>\n<ul>\n<li>Tintura en aerosol para abrillantar, cambiar o reparar el color de los talones<\/li>\n<li>F\u00e1cil aplicaci\u00f3n.<\/li>\n<li>No requiere acabado posterior.<\/li>\n<\/ul>\n<p>&nbsp;<\/p>\n<p class=\"p1\"><span class=\"s1\"><b>Necesitas m\u00e1s informaci\u00f3n?<\/b><\/span><\/p>\n<p class=\"p2\"><span class=\"s1\"><a class=\"button large default\" title=\"CONTACTAR\" href=\"\/contactar\/\" target=\"_self\">CONTACTAR<\/a><\/span><\/p>\n<p class=\"p1\"><span class=\"s1\"><div class=\"demo-sep sep-single\" style=\"margin-top:40px;margin-bottom:40px\"><\/div><\/span><\/p>\n","protected":false},"excerpt":{"rendered":"<p>Tinta 4 colores Tinte para tal\u00f3n de piel, madera y pl\u00e1stico. \u00a0 Aplicaci\u00f3n: Talones de piel, madera y pl\u00e1stico. \u00a0 Caracter\u00edsticas: Tintura en aerosol para abrillantar, cambiar o reparar el color de los talones F\u00e1cil aplicaci\u00f3n. No requiere acabado posterior. &nbsp; Necesitas m\u00e1s informaci\u00f3n?<\/p>\n","protected":false},"featured_media":18800,"comment_status":"closed","ping_status":"closed","template":"","meta":[],"product_brand":[],"product_cat":[252],"product_tag":[],"class_list":{"0":"post-18804","1":"product","2":"type-product","3":"status-publish","4":"has-post-thumbnail","6":"product_cat-gama-productos","8":"first","9":"instock","10":"shipping-taxable","11":"product-type-simple"},"_links":{"self":[{"href":"https:\/\/www.trg-theone.com\/es\/wp-json\/wp\/v2\/product\/18804","targetHints":{"allow":["GET"]}}],"collection":[{"href":"https:\/\/www.trg-theone.com\/es\/wp-json\/wp\/v2\/product"}],"about":[{"href":"https:\/\/www.trg-theone.com\/es\/wp-json\/wp\/v2\/types\/product"}],"replies":[{"embeddable":true,"href":"https:\/\/www.trg-theone.com\/es\/wp-json\/wp\/v2\/comments?post=18804"}],"wp:featuredmedia":[{"embeddable":true,"href":"https:\/\/www.trg-theone.com\/es\/wp-json\/wp\/v2\/media\/18800"}],"wp:attachment":[{"href":"https:\/\/www.trg-theone.com\/es\/wp-json\/wp\/v2\/media?parent=18804"}],"wp:term":[{"taxonomy":"product_brand","embeddable":true,"href":"https:\/\/www.trg-theone.com\/es\/wp-json\/wp\/v2\/product_brand?post=18804"},{"taxonomy":"product_cat","embeddable":true,"href":"https:\/\/www.trg-theone.com\/es\/wp-json\/wp\/v2\/product_cat?post=18804"},{"taxonomy":"product_tag","embeddable":true,"href":"https:\/\/www.trg-theone.com\/es\/wp-json\/wp\/v2\/product_tag?post=18804"}],"curies":[{"name":"wp","href":"https:\/\/api.w.org\/{rel}","templated":true}]}}