{"id":18618,"date":"2020-09-30T11:08:09","date_gmt":"2020-09-30T14:59:36","guid":{"rendered":"https:\/\/www.trg-theone.com\/?post_type=product&#038;p=18618"},"modified":"2021-11-15T08:35:48","modified_gmt":"2021-11-15T08:35:48","slug":"trg-oil-protector-250ml","status":"publish","type":"product","link":"https:\/\/www.trg-theone.com\/es\/producto\/trg-oil-protector-250ml\/","title":{"rendered":"TRG Oil Protector 250ml."},"content":{"rendered":"<p><strong>Impermeabilizante y nutriente<br \/>\n<\/strong><\/p>\n<p>Incoloro<\/p>\n<p>Protege y nutre la Piel lisa y piel engrasada.lisa y la piel engrasada.<\/p>\n<p><strong>\u00a0<\/strong><\/p>\n<p><strong>Aplicaci\u00f3n:<\/strong><\/p>\n<p>Piel lisa y piel engrasada.<\/p>\n<p><strong>\u00a0<\/strong><\/p>\n<p><strong>Caracter\u00edsticas:<\/strong><\/p>\n<ul>\n<li>\u00a0Nutre y suaviza la piel, dej\u00e1ndola m\u00e1s suave y flexible.<\/li>\n<li>Renueva el aspecto del calzado.<\/li>\n<li>Por su poder de impermeabilizaci\u00f3n, protege de la nieve y la lluvia.<\/li>\n<\/ul>\n<p>&nbsp;<\/p>\n<p class=\"p1\"><span class=\"s1\"><b>Necesitas m\u00e1s informaci\u00f3n?<br \/>\n<\/b><br \/>\n<a class=\"button large default\" title=\"CONTACTAR\" href=\"\/es\/contactar\/\" target=\"_self\">CONTACTAR<\/a><\/span><\/p>\n<p class=\"p1\"><span class=\"s1\"><div class=\"demo-sep sep-single\" style=\"margin-top:40px;margin-bottom:40px\"><\/div><\/span><\/p>\n","protected":false},"excerpt":{"rendered":"<p>Impermeabilizante y nutriente Incoloro Protege y nutre la Piel lisa y piel engrasada.lisa y la piel engrasada. \u00a0 Aplicaci\u00f3n: Piel lisa y piel engrasada. \u00a0 Caracter\u00edsticas: \u00a0Nutre y suaviza la piel, dej\u00e1ndola m\u00e1s suave y flexible. Renueva el aspecto del calzado. Por su poder de impermeabilizaci\u00f3n, protege de la nieve y la lluvia. &nbsp; Necesitas [&hellip;]<\/p>\n","protected":false},"featured_media":18622,"comment_status":"closed","ping_status":"closed","template":"","meta":[],"product_brand":[],"product_cat":[252,44,133,134],"product_tag":[],"class_list":{"0":"post-18618","1":"product","2":"type-product","3":"status-publish","4":"has-post-thumbnail","6":"product_cat-gama-productos","7":"product_cat-piel","8":"product_cat-protectores-piel","9":"product_cat-tratamientos-piel","11":"first","12":"instock","13":"shipping-taxable","14":"product-type-simple"},"_links":{"self":[{"href":"https:\/\/www.trg-theone.com\/es\/wp-json\/wp\/v2\/product\/18618","targetHints":{"allow":["GET"]}}],"collection":[{"href":"https:\/\/www.trg-theone.com\/es\/wp-json\/wp\/v2\/product"}],"about":[{"href":"https:\/\/www.trg-theone.com\/es\/wp-json\/wp\/v2\/types\/product"}],"replies":[{"embeddable":true,"href":"https:\/\/www.trg-theone.com\/es\/wp-json\/wp\/v2\/comments?post=18618"}],"wp:featuredmedia":[{"embeddable":true,"href":"https:\/\/www.trg-theone.com\/es\/wp-json\/wp\/v2\/media\/18622"}],"wp:attachment":[{"href":"https:\/\/www.trg-theone.com\/es\/wp-json\/wp\/v2\/media?parent=18618"}],"wp:term":[{"taxonomy":"product_brand","embeddable":true,"href":"https:\/\/www.trg-theone.com\/es\/wp-json\/wp\/v2\/product_brand?post=18618"},{"taxonomy":"product_cat","embeddable":true,"href":"https:\/\/www.trg-theone.com\/es\/wp-json\/wp\/v2\/product_cat?post=18618"},{"taxonomy":"product_tag","embeddable":true,"href":"https:\/\/www.trg-theone.com\/es\/wp-json\/wp\/v2\/product_tag?post=18618"}],"curies":[{"name":"wp","href":"https:\/\/api.w.org\/{rel}","templated":true}]}}