{"id":16835,"date":"2017-01-16T11:50:48","date_gmt":"2017-01-16T11:50:48","guid":{"rendered":"httpd:\/\/trg-theone.com\/product\/imprimacio-2\/"},"modified":"2018-11-02T11:33:54","modified_gmt":"2018-11-02T11:33:54","slug":"imprimacio","status":"publish","type":"product","link":"https:\/\/www.trg-theone.com\/es\/producto\/imprimacio\/","title":{"rendered":"IMPRIMACI\u00d3N"},"content":{"rendered":"<p><b>ENVASES DE 1 LITRO<\/b><\/p>\n<p>Incoloro y negro.<\/p>\n<p><b>\u00a0<\/b><\/p>\n<p><b>Aplicaci\u00f3n:<\/b><\/p>\n<p>Para piel, ante y nubuck.<\/p>\n<p><b>\u00a0<\/b><\/p>\n<p><b>Caracter\u00edsticas:<\/b><\/p>\n<ul>\n<li>Prepara la piel antes de ser te\u00f1ida.<\/li>\n<li>Facilita la penetraci\u00f3n y la fijaci\u00f3n del color<\/li>\n<\/ul>\n<p><strong>\u00bfNecesitas m\u00e1s informaci\u00f3n?<\/strong><\/p>\n<p><span style=\"line-height: 1.5em;\"><a class=\"button large default\" title=\"CONTACTAR\" href=\"\/contactar\/\" target=\"_self\">CONTACTAR<\/a><\/span><\/p>\n<div class=\"demo-sep sep-single\" style=\"margin-top:40px;margin-bottom:40px\"><\/div>\n","protected":false},"excerpt":{"rendered":"<p>ENVASES DE 1 LITRO Incoloro y negro. \u00a0 Aplicaci\u00f3n: Para piel, ante y nubuck. \u00a0 Caracter\u00edsticas: Prepara la piel antes de ser te\u00f1ida. Facilita la penetraci\u00f3n y la fijaci\u00f3n del color \u00bfNecesitas m\u00e1s informaci\u00f3n?<\/p>\n","protected":false},"featured_media":17441,"comment_status":"closed","ping_status":"closed","template":"","meta":[],"product_brand":[],"product_cat":[192],"product_tag":[],"class_list":{"0":"post-16835","1":"product","2":"type-product","3":"status-publish","4":"has-post-thumbnail","6":"product_cat-gama-profesional","8":"first","9":"instock","10":"shipping-taxable","11":"product-type-simple"},"_links":{"self":[{"href":"https:\/\/www.trg-theone.com\/es\/wp-json\/wp\/v2\/product\/16835","targetHints":{"allow":["GET"]}}],"collection":[{"href":"https:\/\/www.trg-theone.com\/es\/wp-json\/wp\/v2\/product"}],"about":[{"href":"https:\/\/www.trg-theone.com\/es\/wp-json\/wp\/v2\/types\/product"}],"replies":[{"embeddable":true,"href":"https:\/\/www.trg-theone.com\/es\/wp-json\/wp\/v2\/comments?post=16835"}],"wp:featuredmedia":[{"embeddable":true,"href":"https:\/\/www.trg-theone.com\/es\/wp-json\/wp\/v2\/media\/17441"}],"wp:attachment":[{"href":"https:\/\/www.trg-theone.com\/es\/wp-json\/wp\/v2\/media?parent=16835"}],"wp:term":[{"taxonomy":"product_brand","embeddable":true,"href":"https:\/\/www.trg-theone.com\/es\/wp-json\/wp\/v2\/product_brand?post=16835"},{"taxonomy":"product_cat","embeddable":true,"href":"https:\/\/www.trg-theone.com\/es\/wp-json\/wp\/v2\/product_cat?post=16835"},{"taxonomy":"product_tag","embeddable":true,"href":"https:\/\/www.trg-theone.com\/es\/wp-json\/wp\/v2\/product_tag?post=16835"}],"curies":[{"name":"wp","href":"https:\/\/api.w.org\/{rel}","templated":true}]}}