{"id":16831,"date":"2017-01-16T12:01:45","date_gmt":"2017-01-16T12:01:45","guid":{"rendered":"httpd:\/\/trg-theone.com\/product\/crema-autobrillant-2\/"},"modified":"2018-11-02T11:32:16","modified_gmt":"2018-11-02T11:32:16","slug":"crema-autobrillant","status":"publish","type":"product","link":"https:\/\/www.trg-theone.com\/es\/producto\/crema-autobrillant\/","title":{"rendered":"CREMA AUTOBRILLANTE"},"content":{"rendered":"<p><b>ENVASE DE 1 KG<\/b><\/p>\n<p>Gama de colores: negro, blanco, marr\u00f3n medio y marr\u00f3n oscuro.<\/p>\n<p><b>\u00a0<\/b><\/p>\n<p><b>Aplicaci\u00f3n:<\/b><\/p>\n<p>Para piel y piel sint\u00e9tica.<\/p>\n<p><b>\u00a0<\/b><\/p>\n<p><b>Caracter\u00edsticas:<\/b><\/p>\n<ul>\n<li>Crema autobrillante con ceras naturales.<\/li>\n<li>Nutre y da brillo al instante sin necesidad de cepillar.<\/li>\n<li>F\u00e1cil aplicaci\u00f3n.<\/li>\n<\/ul>\n<p>&nbsp;<\/p>\n<p><strong>\u00bfNecesitas m\u00e1s informaci\u00f3n?<\/strong><\/p>\n<p><span style=\"line-height: 1.5em;\"><a class=\"button large default\" title=\"CONTACTAR\" href=\"\/contactar\/\" target=\"_self\">CONTACTAR<\/a><\/span><\/p>\n<div class=\"demo-sep sep-single\" style=\"margin-top:40px;margin-bottom:40px\"><\/div>\n","protected":false},"excerpt":{"rendered":"<p>ENVASE DE 1 KG Gama de colores: negro, blanco, marr\u00f3n medio y marr\u00f3n oscuro. \u00a0 Aplicaci\u00f3n: Para piel y piel sint\u00e9tica. \u00a0 Caracter\u00edsticas: Crema autobrillante con ceras naturales. Nutre y da brillo al instante sin necesidad de cepillar. F\u00e1cil aplicaci\u00f3n. &nbsp; \u00bfNecesitas m\u00e1s informaci\u00f3n?<\/p>\n","protected":false},"featured_media":17437,"comment_status":"closed","ping_status":"closed","template":"","meta":[],"product_brand":[],"product_cat":[192],"product_tag":[],"class_list":{"0":"post-16831","1":"product","2":"type-product","3":"status-publish","4":"has-post-thumbnail","6":"product_cat-gama-profesional","8":"first","9":"instock","10":"shipping-taxable","11":"product-type-simple"},"_links":{"self":[{"href":"https:\/\/www.trg-theone.com\/es\/wp-json\/wp\/v2\/product\/16831","targetHints":{"allow":["GET"]}}],"collection":[{"href":"https:\/\/www.trg-theone.com\/es\/wp-json\/wp\/v2\/product"}],"about":[{"href":"https:\/\/www.trg-theone.com\/es\/wp-json\/wp\/v2\/types\/product"}],"replies":[{"embeddable":true,"href":"https:\/\/www.trg-theone.com\/es\/wp-json\/wp\/v2\/comments?post=16831"}],"wp:featuredmedia":[{"embeddable":true,"href":"https:\/\/www.trg-theone.com\/es\/wp-json\/wp\/v2\/media\/17437"}],"wp:attachment":[{"href":"https:\/\/www.trg-theone.com\/es\/wp-json\/wp\/v2\/media?parent=16831"}],"wp:term":[{"taxonomy":"product_brand","embeddable":true,"href":"https:\/\/www.trg-theone.com\/es\/wp-json\/wp\/v2\/product_brand?post=16831"},{"taxonomy":"product_cat","embeddable":true,"href":"https:\/\/www.trg-theone.com\/es\/wp-json\/wp\/v2\/product_cat?post=16831"},{"taxonomy":"product_tag","embeddable":true,"href":"https:\/\/www.trg-theone.com\/es\/wp-json\/wp\/v2\/product_tag?post=16831"}],"curies":[{"name":"wp","href":"https:\/\/api.w.org\/{rel}","templated":true}]}}