{"id":16825,"date":"2017-01-16T12:23:37","date_gmt":"2017-01-16T12:23:37","guid":{"rendered":""},"modified":"2023-09-29T10:57:41","modified_gmt":"2023-09-29T10:57:41","slug":"oli-pota-de-bou","status":"publish","type":"product","link":"https:\/\/www.trg-theone.com\/es\/producto\/oli-pota-de-bou\/","title":{"rendered":"ACEITE PATA DE BUEY"},"content":{"rendered":"<p><b>ENVASES DE 100 ML, 500 ML Y 1 LITRO<\/b><br \/>\n<b>\u00a0<\/b><\/p>\n<p><b>Aplicaci\u00f3n:<\/b><\/p>\n<p>Para piel grasa.<br \/>\nNo apto para piel lisa con acabados, ante y nubuck.<\/p>\n<p><b>\u00a0<\/b><\/p>\n<p><b>Caracter\u00edsticas:<\/b><\/p>\n<ul>\n<li>Mezcla de aceites naturales y sint\u00e9ticos para nutrir el cuero.<\/li>\n<li>Lubricante para conservar el cuero manteni\u00e9ndolo suave y flexible.<\/li>\n<li>Restaura la suavidad y la flexibilidad original.<\/li>\n<li>Es un repelente natural del agua.<\/li>\n<\/ul>\n<p>&nbsp;<\/p>\n<p><strong>\u00bfNecesitas m\u00e1s informaci\u00f3n?<\/strong><\/p>\n<p><span style=\"line-height: 1.5em;\"><a class=\"button large default\" title=\"CONTACTAR\" href=\"\/contactar\/\" target=\"_self\">CONTACTAR<\/a><\/span><\/p>\n<div class=\"demo-sep sep-single\" style=\"margin-top:40px;margin-bottom:40px\"><\/div>\n","protected":false},"excerpt":{"rendered":"<p>ENVASES DE 100 ML, 500 ML Y 1 LITRO \u00a0 Aplicaci\u00f3n: Para piel grasa. No apto para piel lisa con acabados, ante y nubuck. \u00a0 Caracter\u00edsticas: Mezcla de aceites naturales y sint\u00e9ticos para nutrir el cuero. Lubricante para conservar el cuero manteni\u00e9ndolo suave y flexible. Restaura la suavidad y la flexibilidad original. Es un repelente [&hellip;]<\/p>\n","protected":false},"featured_media":17433,"comment_status":"closed","ping_status":"closed","template":"","meta":[],"product_brand":[],"product_cat":[192],"product_tag":[],"class_list":{"0":"post-16825","1":"product","2":"type-product","3":"status-publish","4":"has-post-thumbnail","6":"product_cat-gama-profesional","8":"first","9":"instock","10":"shipping-taxable","11":"product-type-simple"},"_links":{"self":[{"href":"https:\/\/www.trg-theone.com\/es\/wp-json\/wp\/v2\/product\/16825","targetHints":{"allow":["GET"]}}],"collection":[{"href":"https:\/\/www.trg-theone.com\/es\/wp-json\/wp\/v2\/product"}],"about":[{"href":"https:\/\/www.trg-theone.com\/es\/wp-json\/wp\/v2\/types\/product"}],"replies":[{"embeddable":true,"href":"https:\/\/www.trg-theone.com\/es\/wp-json\/wp\/v2\/comments?post=16825"}],"wp:featuredmedia":[{"embeddable":true,"href":"https:\/\/www.trg-theone.com\/es\/wp-json\/wp\/v2\/media\/17433"}],"wp:attachment":[{"href":"https:\/\/www.trg-theone.com\/es\/wp-json\/wp\/v2\/media?parent=16825"}],"wp:term":[{"taxonomy":"product_brand","embeddable":true,"href":"https:\/\/www.trg-theone.com\/es\/wp-json\/wp\/v2\/product_brand?post=16825"},{"taxonomy":"product_cat","embeddable":true,"href":"https:\/\/www.trg-theone.com\/es\/wp-json\/wp\/v2\/product_cat?post=16825"},{"taxonomy":"product_tag","embeddable":true,"href":"https:\/\/www.trg-theone.com\/es\/wp-json\/wp\/v2\/product_tag?post=16825"}],"curies":[{"name":"wp","href":"https:\/\/api.w.org\/{rel}","templated":true}]}}