{"id":16821,"date":"2017-01-16T12:29:05","date_gmt":"2017-01-16T12:29:05","guid":{"rendered":"httpd:\/\/trg-theone.com\/product\/universal-cleaner-2\/"},"modified":"2018-11-02T11:26:44","modified_gmt":"2018-11-02T11:26:44","slug":"universal-cleaner","status":"publish","type":"product","link":"https:\/\/www.trg-theone.com\/es\/producto\/universal-cleaner\/","title":{"rendered":"UNIVERSAL CLEANER"},"content":{"rendered":"<p><b>ENVASES DE 1 LITRO<\/b><\/p>\n<p><b>\u00a0<\/b><\/p>\n<p><b>Aplicaci\u00f3n:<\/b><\/p>\n<p>Para piel, ante, nubuck y textil.<\/p>\n<p><b>\u00a0<\/b><\/p>\n<p><b>Caracter\u00edsticas:<\/b><\/p>\n<ul>\n<li>Elimina manchas.<\/li>\n<li>Apto para todos los colores.<\/li>\n<li>Especialmente recomendado para art\u00edculos de marroquiner\u00eda y tapicer\u00eda.<\/li>\n<\/ul>\n<p>&nbsp;<\/p>\n<p><strong>\u00bfNecesitas m\u00e1s informaci\u00f3n?<\/strong><\/p>\n<p><span style=\"line-height: 1.5em;\"><a class=\"button large default\" title=\"CONTACTAR\" href=\"\/contactar\/\" target=\"_self\">CONTACTAR<\/a><\/span><\/p>\n<div class=\"demo-sep sep-single\" style=\"margin-top:40px;margin-bottom:40px\"><\/div>\n","protected":false},"excerpt":{"rendered":"<p>ENVASES DE 1 LITRO \u00a0 Aplicaci\u00f3n: Para piel, ante, nubuck y textil. \u00a0 Caracter\u00edsticas: Elimina manchas. Apto para todos los colores. Especialmente recomendado para art\u00edculos de marroquiner\u00eda y tapicer\u00eda. &nbsp; \u00bfNecesitas m\u00e1s informaci\u00f3n?<\/p>\n","protected":false},"featured_media":17457,"comment_status":"closed","ping_status":"closed","template":"","meta":[],"product_brand":[],"product_cat":[192],"product_tag":[],"class_list":{"0":"post-16821","1":"product","2":"type-product","3":"status-publish","4":"has-post-thumbnail","6":"product_cat-gama-profesional","8":"first","9":"instock","10":"shipping-taxable","11":"product-type-simple"},"_links":{"self":[{"href":"https:\/\/www.trg-theone.com\/es\/wp-json\/wp\/v2\/product\/16821","targetHints":{"allow":["GET"]}}],"collection":[{"href":"https:\/\/www.trg-theone.com\/es\/wp-json\/wp\/v2\/product"}],"about":[{"href":"https:\/\/www.trg-theone.com\/es\/wp-json\/wp\/v2\/types\/product"}],"replies":[{"embeddable":true,"href":"https:\/\/www.trg-theone.com\/es\/wp-json\/wp\/v2\/comments?post=16821"}],"wp:featuredmedia":[{"embeddable":true,"href":"https:\/\/www.trg-theone.com\/es\/wp-json\/wp\/v2\/media\/17457"}],"wp:attachment":[{"href":"https:\/\/www.trg-theone.com\/es\/wp-json\/wp\/v2\/media?parent=16821"}],"wp:term":[{"taxonomy":"product_brand","embeddable":true,"href":"https:\/\/www.trg-theone.com\/es\/wp-json\/wp\/v2\/product_brand?post=16821"},{"taxonomy":"product_cat","embeddable":true,"href":"https:\/\/www.trg-theone.com\/es\/wp-json\/wp\/v2\/product_cat?post=16821"},{"taxonomy":"product_tag","embeddable":true,"href":"https:\/\/www.trg-theone.com\/es\/wp-json\/wp\/v2\/product_tag?post=16821"}],"curies":[{"name":"wp","href":"https:\/\/api.w.org\/{rel}","templated":true}]}}