{"id":6323,"date":"2014-07-18T16:52:02","date_gmt":"2014-07-18T16:52:02","guid":{"rendered":"httpd:\/\/trg-theone.com\/product\/mostra-plantilles-2\/"},"modified":"2014-07-28T09:27:12","modified_gmt":"2014-07-28T09:27:12","slug":"mostra-plantilles","status":"publish","type":"product","link":"https:\/\/www.trg-theone.com\/en\/product\/mostra-plantilles\/","title":{"rendered":"Mostra PLANTILLES"},"content":{"rendered":"<p>L\u00edquid negre de gran poder de cobriment. Per cuir negre, sint\u00e8tic i lona.<\/p>\n<p>&nbsp;<\/p>\n<p><strong>Aplicaci\u00f3:<\/strong><\/p>\n<ul>\n<li>Pell i pell sint\u00e8tica.<\/li>\n<\/ul>\n<p><strong>Caracter\u00edstiques:<\/strong><\/p>\n<ul>\n<li>Crema l\u00edquida autobrillant a base de ceres naturals.<\/li>\n<li>De f\u00e0cil aplicaci\u00f3.<\/li>\n<li>Nodreix, cuida i mant\u00e9 la flexibilitat de la pell.<\/li>\n<li>No precisa raspallat despr\u00e9s de la seva aplicaci\u00f3.<\/li>\n<\/ul>\n<p><strong>Necessites m\u00e9s informaci\u00f3?<\/strong><\/p>\n<a class=\"button large default\" title=\"CONTACTAR\" href=\"\/contactar\/\" target=\"_self\">CONTACTAR<\/a>\n<div class=\"demo-sep sep-single\" style=\"margin-top:40px;margin-bottom:40px\"><\/div>\n","protected":false},"excerpt":{"rendered":"<p>L\u00edquid negre de gran poder de cobriment. Per cuir negre, sint\u00e8tic i lona. &nbsp; Aplicaci\u00f3: Pell i pell sint\u00e8tica. Caracter\u00edstiques: Crema l\u00edquida autobrillant a base de ceres naturals. De f\u00e0cil aplicaci\u00f3. Nodreix, cuida i mant\u00e9 la flexibilitat de la pell. No precisa raspallat despr\u00e9s de la seva aplicaci\u00f3. Necessites m\u00e9s informaci\u00f3?<\/p>\n","protected":false},"featured_media":6320,"comment_status":"open","ping_status":"closed","template":"","meta":[],"product_brand":[],"product_cat":[50,51],"product_tag":[],"class_list":{"0":"post-6323","1":"product","2":"type-product","3":"status-publish","4":"has-post-thumbnail","6":"product_cat-insoles-en","7":"product_cat-insoles-leather-en","9":"first","10":"instock","11":"shipping-taxable","12":"product-type-simple"},"_links":{"self":[{"href":"https:\/\/www.trg-theone.com\/en\/wp-json\/wp\/v2\/product\/6323","targetHints":{"allow":["GET"]}}],"collection":[{"href":"https:\/\/www.trg-theone.com\/en\/wp-json\/wp\/v2\/product"}],"about":[{"href":"https:\/\/www.trg-theone.com\/en\/wp-json\/wp\/v2\/types\/product"}],"replies":[{"embeddable":true,"href":"https:\/\/www.trg-theone.com\/en\/wp-json\/wp\/v2\/comments?post=6323"}],"wp:featuredmedia":[{"embeddable":true,"href":"https:\/\/www.trg-theone.com\/en\/wp-json\/wp\/v2\/media\/6320"}],"wp:attachment":[{"href":"https:\/\/www.trg-theone.com\/en\/wp-json\/wp\/v2\/media?parent=6323"}],"wp:term":[{"taxonomy":"product_brand","embeddable":true,"href":"https:\/\/www.trg-theone.com\/en\/wp-json\/wp\/v2\/product_brand?post=6323"},{"taxonomy":"product_cat","embeddable":true,"href":"https:\/\/www.trg-theone.com\/en\/wp-json\/wp\/v2\/product_cat?post=6323"},{"taxonomy":"product_tag","embeddable":true,"href":"https:\/\/www.trg-theone.com\/en\/wp-json\/wp\/v2\/product_tag?post=6323"}],"curies":[{"name":"wp","href":"https:\/\/api.w.org\/{rel}","templated":true}]}}